{"id":1901,"date":"2020-12-05T20:29:54","date_gmt":"2020-12-06T01:29:54","guid":{"rendered":"https:\/\/rescuesandvalues.org\/product\/resiliencia-y-superacion-de-la-tortura-e-book\/"},"modified":"2026-03-13T13:47:30","modified_gmt":"2026-03-13T18:47:30","slug":"resiliencia-y-superacion-de-la-tortura-e-book","status":"publish","type":"product","link":"https:\/\/rescuesandvalues.org\/es\/producto\/resiliencia-y-superacion-de-la-tortura-e-book\/","title":{"rendered":"Resiliencia y Superaci\u00f3n de la Tortura, El Caso de Wilson Guti\u00e9rrez Soler"},"content":{"rendered":"<p>Esta es una historia de la vida real, qu\u00e9 parece ficci\u00f3n. El protagonista de carne y hueso es una persona que tiene familia, r\u00ede y llora interiormente para nunca verse d\u00e9bil ante sus verdugos.<\/p>\n<p>Es un caso ic\u00f3nico de tortura, impunidad nacional y justicia internacional. Aporta una mirada cient\u00edfica de las v\u00edctimas y los torturadores, claves para la prevenci\u00f3n de este atroz delito cometido por personas corrientes; promueve la b\u00fasqueda del derecho y el no a la venganza y por sobre todo, propende la recuperaci\u00f3n emocional.<\/p>\n<p>Es una historia en la cual el lector tendr\u00e1 la oportunidad de juzgar si es un suceso triste con un final feliz un incidente con un final feliz o inconcluso.<\/p>\n<p>Lenguaje: Espa\u00f1ol<\/p>\n<p>Autores:<\/p>\n<ul>\n<li>Angela Tapias<\/li>\n<li>Clara Ram\u00edrez<\/li>\n<li>Marisol Ballen<\/li>\n<\/ul>\n<p>&nbsp;<\/p>","protected":false},"excerpt":{"rendered":"<p>El Caso de Wilson Guti\u00e9rrez Soler<\/p>\n<p>Esta es una historia de la vida real, qu\u00e9 parece ficci\u00f3n. El protagonista de carne y hueso es una persona que tiene familia, r\u00ede y llora interiormente para nunca verse d\u00e9bil ante sus verdugos.<\/p>\n<p>E-Book<\/p>","protected":false},"featured_media":1686,"comment_status":"open","ping_status":"closed","template":"","meta":{"_monsterinsights_skip_tracking":false,"_monsterinsights_sitenote_active":false,"_monsterinsights_sitenote_note":"","_monsterinsights_sitenote_category":0},"product_brand":[],"product_cat":[71,70],"product_tag":[],"class_list":{"0":"post-1901","1":"product","2":"type-product","3":"status-publish","4":"has-post-thumbnail","6":"product_cat-e-books-es","7":"product_cat-libros","9":"first","10":"instock","11":"sale","12":"downloadable","13":"taxable","14":"shipping-taxable","15":"purchasable","16":"product-type-simple"},"_links":{"self":[{"href":"https:\/\/rescuesandvalues.org\/es\/wp-json\/wp\/v2\/product\/1901","targetHints":{"allow":["GET"]}}],"collection":[{"href":"https:\/\/rescuesandvalues.org\/es\/wp-json\/wp\/v2\/product"}],"about":[{"href":"https:\/\/rescuesandvalues.org\/es\/wp-json\/wp\/v2\/types\/product"}],"replies":[{"embeddable":true,"href":"https:\/\/rescuesandvalues.org\/es\/wp-json\/wp\/v2\/comments?post=1901"}],"wp:featuredmedia":[{"embeddable":true,"href":"https:\/\/rescuesandvalues.org\/es\/wp-json\/wp\/v2\/media\/1686"}],"wp:attachment":[{"href":"https:\/\/rescuesandvalues.org\/es\/wp-json\/wp\/v2\/media?parent=1901"}],"wp:term":[{"taxonomy":"product_brand","embeddable":true,"href":"https:\/\/rescuesandvalues.org\/es\/wp-json\/wp\/v2\/product_brand?post=1901"},{"taxonomy":"product_cat","embeddable":true,"href":"https:\/\/rescuesandvalues.org\/es\/wp-json\/wp\/v2\/product_cat?post=1901"},{"taxonomy":"product_tag","embeddable":true,"href":"https:\/\/rescuesandvalues.org\/es\/wp-json\/wp\/v2\/product_tag?post=1901"}],"curies":[{"name":"wp","href":"https:\/\/api.w.org\/{rel}","templated":true}]}}