{"id":1498,"date":"2020-12-05T20:29:54","date_gmt":"2020-12-06T01:29:54","guid":{"rendered":"https:\/\/rescuesandvalues.org\/?post_type=product&#038;p=1498"},"modified":"2026-02-25T08:29:04","modified_gmt":"2026-02-25T13:29:04","slug":"resiliencia-y-superacion-de-la-tortura-e-book-2","status":"publish","type":"product","link":"https:\/\/rescuesandvalues.org\/es\/producto\/resiliencia-y-superacion-de-la-tortura-e-book-2\/","title":{"rendered":"Resiliencia y Superaci\u00f3n de la Tortura E-Book, El Caso de Wilson Gutierrez Soler &#8211; SPANISH"},"content":{"rendered":"<p>This is a real-life story, which looks like fiction. The protagonist of flesh and blood is a person who has a family, laughs and cries inside to never look weak before his executioners.<\/p>\n<p>it is an iconic case of torture, national impunity, and international justice. It provides a scientific view of the victims and torturers, keys to preventing this heinous crime committed by ordinary people; it promotes the search for the right and the no to revenge and above all, it promotes emotional recovery.<\/p>\n<p>It is a story in which the reader will have the opportunity to judge whether a sad event with a happy ending is an incident with a happy ending or an inconclusive one.<\/p>\n<p>Language: Spanish<\/p>\n<p>Authors:<\/p>\n<ul>\n<li>Angela Tapias<\/li>\n<li>Clara Ram\u00edrez<\/li>\n<li>Marisol Ballen<\/li>\n<\/ul>\n<p>&nbsp;<\/p>","protected":false},"excerpt":{"rendered":"<p>Esta es una historia de la vida real, qu\u00e9 parece ficci\u00f3n. El protagonista de carne y hueso es una persona que tiene familia, r\u00ede y llora interiormente para nunca verse d\u00e9bil ante sus verdugos.<\/p>\n<p>E-Book<\/p>","protected":false},"featured_media":1685,"comment_status":"open","ping_status":"closed","template":"","meta":{"_monsterinsights_skip_tracking":false,"_monsterinsights_sitenote_active":false,"_monsterinsights_sitenote_note":"","_monsterinsights_sitenote_category":0},"product_brand":[],"product_cat":[59,60],"product_tag":[],"class_list":{"0":"post-1498","1":"product","2":"type-product","3":"status-publish","4":"has-post-thumbnail","6":"product_cat-books","7":"product_cat-e-books","9":"first","10":"instock","11":"sale","12":"downloadable","13":"taxable","14":"shipping-taxable","15":"purchasable","16":"product-type-simple"},"_links":{"self":[{"href":"https:\/\/rescuesandvalues.org\/es\/wp-json\/wp\/v2\/product\/1498","targetHints":{"allow":["GET"]}}],"collection":[{"href":"https:\/\/rescuesandvalues.org\/es\/wp-json\/wp\/v2\/product"}],"about":[{"href":"https:\/\/rescuesandvalues.org\/es\/wp-json\/wp\/v2\/types\/product"}],"replies":[{"embeddable":true,"href":"https:\/\/rescuesandvalues.org\/es\/wp-json\/wp\/v2\/comments?post=1498"}],"wp:featuredmedia":[{"embeddable":true,"href":"https:\/\/rescuesandvalues.org\/es\/wp-json\/wp\/v2\/media\/1685"}],"wp:attachment":[{"href":"https:\/\/rescuesandvalues.org\/es\/wp-json\/wp\/v2\/media?parent=1498"}],"wp:term":[{"taxonomy":"product_brand","embeddable":true,"href":"https:\/\/rescuesandvalues.org\/es\/wp-json\/wp\/v2\/product_brand?post=1498"},{"taxonomy":"product_cat","embeddable":true,"href":"https:\/\/rescuesandvalues.org\/es\/wp-json\/wp\/v2\/product_cat?post=1498"},{"taxonomy":"product_tag","embeddable":true,"href":"https:\/\/rescuesandvalues.org\/es\/wp-json\/wp\/v2\/product_tag?post=1498"}],"curies":[{"name":"wp","href":"https:\/\/api.w.org\/{rel}","templated":true}]}}