{"id":2951,"date":"2026-03-27T15:24:38","date_gmt":"2026-03-27T20:24:38","guid":{"rendered":"https:\/\/rescuesandvalues.org\/?page_id=2951"},"modified":"2026-03-27T15:52:49","modified_gmt":"2026-03-27T20:52:49","slug":"syria-a-decade-of-broken-silence","status":"publish","type":"page","link":"https:\/\/rescuesandvalues.org\/es\/syria-a-decade-of-broken-silence\/","title":{"rendered":"Syria: A Decade of Broken Silence"},"content":{"rendered":"<div class=\"et_pb_section_0 et_pb_section et_section_regular et_block_section\">\n<div class=\"et_pb_row_0 et_pb_row et_block_row\">\n<div class=\"et_pb_column_0 et_pb_column et_pb_column_1_2 et_block_column et_pb_css_mix_blend_mode_passthrough\">\n<div class=\"et_pb_text_0 et_pb_text et_pb_bg_layout_dark et_pb_module et_flex_module\"><div class=\"et_pb_text_inner\"><h2>Syria: A Decade of Broken Silence<\/h2>\n<\/div><\/div>\n\n<div class=\"et_pb_text_1 et_pb_text et_pb_bg_layout_dark et_pb_module et_flex_module\"><div class=\"et_pb_text_inner\"><h2>Donate to the Campaign<\/h2>\n<\/div><\/div>\n\n<div class=\"et_pb_text_2 et_pb_text et_pb_bg_layout_light et_pb_module et_block_module\"><div class=\"et_pb_text_inner\"><p>Your contribution helps us continue producing materials, amplifying testimonies, and sustaining support lines.<\/p>\n<\/div><\/div>\n\n<div class=\"et_pb_module et_pb_button_module_wrapper et_pb_button_0_wrapper\"><a class=\"et_pb_button_0 et_pb_button et_pb_bg_layout_light et_pb_module et_block_module\" href=\"https:\/\/www.paypal.com\/donate\/?hosted_button_id=U8Z8HUBKQ7BL4\" target=\"_blank\">Donate Now<\/a><\/div>\n<\/div>\n\n<div class=\"et_pb_column_1 et_pb_column et_pb_column_1_2 et-last-child et_block_column et_pb_css_mix_blend_mode_passthrough\">\n<div class=\"et_pb_image_0 et_pb_image et_pb_image_sticky et_animated et_pb_module et_block_module\"><span class=\"et_pb_image_wrap\"><img loading=\"lazy\" decoding=\"async\" src=\"https:\/\/rescuesandvalues.org\/wp-content\/uploads\/2026\/03\/charity-20.png\" width=\"800\" height=\"744\" srcset=\"https:\/\/rescuesandvalues.org\/wp-content\/uploads\/2026\/03\/charity-20.png 800w, https:\/\/rescuesandvalues.org\/wp-content\/uploads\/2026\/03\/charity-20-480x446.png 480w\" sizes=\"(min-width: 0px) and (max-width: 480px) 480px, (min-width: 481px) 800px, 100vw\" class=\"wp-image-2939\" \/><\/span><\/div>\n<\/div>\n<\/div>\n<\/div>\n\n<div class=\"et_pb_section_1 et_pb_section et_section_regular et_block_section\">\n<div class=\"et_pb_row_1 et_pb_row et_block_row\">\n<div class=\"et_pb_column_2 et_pb_column et_pb_column_1_2 et_block_column et_pb_css_mix_blend_mode_passthrough\">\n<div class=\"et_pb_text_3 et_pb_text et_pb_bg_layout_dark et_pb_module et_flex_module\"><div class=\"et_pb_text_inner\"><h2>What Is Happening<\/h2>\n<\/div><\/div>\n\n<div class=\"et_pb_blurb_0 et_pb_blurb et_pb_bg_layout_light et_pb_blurb_position_top et_pb_module et_block_module\"><div class=\"et_pb_blurb_content\"><div class=\"et_pb_blurb_container\"><div class=\"et_pb_blurb_description\"><p style=\"text-align: justify;\">For more than a decade, Syria has been the scene of one of the most devastating conflicts of our time. Millions of people have been forcibly displaced, hundreds of thousands have lost their lives, and entire generations have grown up amid violence, hunger, and uncertainty.<\/p>\n<p style=\"text-align: justify;\">But beyond the numbers, there is something equally painful: the silence. The silence in the face of systematic human rights violations, the silence in the face of enforced disappearances, the silence in the face of bombings targeting hospitals, schools, and markets.<\/p>\n<\/div><\/div><\/div><\/div>\n<\/div>\n\n<div class=\"et_pb_column_3 et_pb_column et_pb_column_1_2 et-last-child et_block_column et_pb_css_mix_blend_mode_passthrough\">\n<div class=\"et_pb_text_4 et_pb_text et_pb_bg_layout_dark et_pb_module et_flex_module\"><div class=\"et_pb_text_inner\"><h2>A Voice That Cannot Be Silenced<\/h2>\n<\/div><\/div>\n\n<div class=\"et_pb_blurb_1 et_pb_blurb et_pb_bg_layout_light et_pb_blurb_position_top et_pb_module et_block_module\"><div class=\"et_pb_blurb_content\"><div class=\"et_pb_blurb_container\"><div class=\"et_pb_blurb_description\"><p>At Rescues and Values, we believe that no war justifies the systematic violation of human rights. That international silence cannot continue to be complicit.<\/p>\n<p>That is why we join those in Syria and around the world who raise their voices to:<\/p>\n<ul>\n<li>Document human rights violations committed during the conflict.<\/li>\n<li>Amplify the testimonies of victims and survivors.<\/li>\n<li>Demand accountability before international bodies.<\/li>\n<li>Support local organizations working on the ground with displaced people and refugees.<\/li>\n<li>Keep alive the memory of those who have been victims of enforced disappearance.<\/li>\n<\/ul>\n<\/div><\/div><\/div><\/div>\n<\/div>\n<\/div>\n\n<div class=\"et_pb_row_2 et_pb_row et_flex_row\">\n<div class=\"et_pb_column_4 et_pb_column et-last-child et_flex_column et_pb_css_mix_blend_mode_passthrough et_flex_column_24_24 et_flex_column_24_24_tablet et_flex_column_24_24_phone\">\n<div class=\"et_pb_heading_0 et_pb_heading et_pb_module et_flex_module\"><div class=\"et_pb_heading_container\"><h1 class=\"et_pb_module_header\">What Does Rescues and Values Do with NO MORE?<\/h1><\/div><\/div>\n<\/div>\n<\/div>\n\n<div class=\"et_pb_row_3 et_pb_row et_pb_gutters2 et_block_row\">\n<div class=\"et_pb_column_5 et_pb_column et_pb_column_1_3 et_block_column et_pb_css_mix_blend_mode_passthrough\">\n<div class=\"et_pb_toggle_0 et_pb_toggle et_pb_toggle_item et_pb_toggle_close et_pb_module et_block_module\"><h3 class=\"et_pb_toggle_title\">Support Those Working on the Ground<\/h3><div class=\"et_pb_toggle_content clearfix\"><p>Your donation helps us channel resources to local organizations providing medical care, food, and psychosocial support to displaced Syrians and refugees.<\/p>\n<p>&nbsp;<\/p>\n<\/div><\/div>\n<\/div>\n\n<div class=\"et_pb_column_6 et_pb_column et_pb_column_1_3 et_block_column et_pb_css_mix_blend_mode_passthrough\">\n<div class=\"et_pb_toggle_1 et_pb_toggle et_pb_toggle_item et_pb_toggle_close et_pb_module et_block_module\"><h3 class=\"et_pb_toggle_title\">Demand Accountability<\/h3><div class=\"et_pb_toggle_content clearfix\"><p class=\"ds-markdown-paragraph\"><span>Sign petitions, contact your representatives, and keep the issue on the public agenda. International justice only advances when citizens demand it.<\/span><\/p>\n<\/div><\/div>\n<\/div>\n\n<div class=\"et_pb_column_7 et_pb_column et_pb_column_1_3 et-last-child et_block_column et_pb_css_mix_blend_mode_passthrough\">\n<div class=\"et_pb_toggle_2 et_pb_toggle et_pb_toggle_item et_pb_toggle_close et_pb_module et_block_module\"><h3 class=\"et_pb_toggle_title\">Raise Your Voice<\/h3><div class=\"et_pb_toggle_content clearfix\"><p class=\"ds-markdown-paragraph\"><span>Share verified information about what is happening in Syria. Silence is impunity's best ally.<\/span><\/p>\n<\/div><\/div>\n<\/div>\n<\/div>\n<\/div>\n\n<div class=\"et_pb_section_2 et_pb_section et_section_regular et_block_section\">\n<div class=\"et_pb_row_4 et_pb_row et_block_row\">\n<div class=\"et_pb_column_8 et_pb_column et_pb_column_4_4 et-last-child et_block_column et_pb_css_mix_blend_mode_passthrough\">\n<div class=\"et_pb_heading_1 et_pb_heading et_pb_module et_flex_module\"><div class=\"et_pb_heading_container\"><h1 class=\"et_pb_module_header\">Conoce Nuestras Campa\u00f1as<\/h1><\/div><\/div>\n<\/div>\n<\/div>\n\n<div class=\"et_pb_row_5 et_pb_row et_block_row\">\n<div class=\"et_pb_column_9 et_pb_column et_pb_column_1_3 et_block_column et_pb_css_mix_blend_mode_passthrough\">\n<div class=\"et_pb_image_1 et_pb_image et_pb_module et_block_module\"><span class=\"et_pb_image_wrap\"><img loading=\"lazy\" decoding=\"async\" src=\"http:\/\/rescuesandvalues.org\/wp-content\/uploads\/2025\/10\/NPRC-Logo-4.png\" title=\"NPRC Logo 4\" width=\"1024\" height=\"1024\" srcset=\"https:\/\/rescuesandvalues.org\/wp-content\/uploads\/2025\/10\/NPRC-Logo-4.png 1024w, https:\/\/rescuesandvalues.org\/wp-content\/uploads\/2025\/10\/NPRC-Logo-4-300x300.png 300w, https:\/\/rescuesandvalues.org\/wp-content\/uploads\/2025\/10\/NPRC-Logo-4-150x150.png 150w, https:\/\/rescuesandvalues.org\/wp-content\/uploads\/2025\/10\/NPRC-Logo-4-768x768.png 768w, https:\/\/rescuesandvalues.org\/wp-content\/uploads\/2025\/10\/NPRC-Logo-4-60x60.png 60w, https:\/\/rescuesandvalues.org\/wp-content\/uploads\/2025\/10\/NPRC-Logo-4-90x90.png 90w, https:\/\/rescuesandvalues.org\/wp-content\/uploads\/2025\/10\/NPRC-Logo-4-600x600.png 600w, https:\/\/rescuesandvalues.org\/wp-content\/uploads\/2025\/10\/NPRC-Logo-4-100x100.png 100w\" sizes=\"(max-width: 1024px) 100vw, 1024px\" class=\"wp-image-2537\" \/><\/span><\/div>\n\n<div class=\"et_pb_text_5 et_pb_text et_pb_bg_layout_light et_pb_module et_block_module\"><div class=\"et_pb_text_inner\"><h3>Naples pulmonary club<\/h3>\n<p>&nbsp;<\/p>\n<p>Sabemos que vivir con una condici\u00f3n pulmonar cr\u00f3nica implica mucho m\u00e1s que los pulmones. El coraz\u00f3n tambi\u00e9n juega un papel fundamental en su bienestar.<\/p>\n<\/div><\/div>\n\n<div class=\"et_pb_module et_pb_button_module_wrapper et_pb_button_1_wrapper\"><a class=\"et_pb_button_1 et_pb_button et_pb_bg_layout_light et_animated et_pb_module et_block_module\" href=\"https:\/\/www.paypal.com\/donate\/?hosted_button_id=U8Z8HUBKQ7BL4\" target=\"_blank\">Donate<\/a><\/div>\n<\/div>\n\n<div class=\"et_pb_column_10 et_pb_column et_pb_column_1_3 et_block_column et_pb_css_mix_blend_mode_passthrough\">\n<div class=\"et_pb_image_2 et_pb_image et_pb_module et_block_module\"><span class=\"et_pb_image_wrap\"><img loading=\"lazy\" decoding=\"async\" src=\"https:\/\/rescuesandvalues.org\/wp-content\/uploads\/2026\/02\/charity-27-1.jpg\" width=\"400\" height=\"250\" srcset=\"https:\/\/rescuesandvalues.org\/wp-content\/uploads\/2026\/02\/charity-27-1.jpg 400w, https:\/\/rescuesandvalues.org\/wp-content\/uploads\/2026\/02\/charity-27-1-300x188.jpg 300w\" sizes=\"(max-width: 400px) 100vw, 400px\" class=\"wp-image-2724\" \/><\/span><\/div>\n\n<div class=\"et_pb_text_6 et_pb_text et_pb_bg_layout_light et_pb_module et_block_module\"><div class=\"et_pb_text_inner\"><h3>Protecci\u00f3n en Cortes de Inmigraci\u00f3n (USA)<\/h3>\n<p>El miedo a ser detenido por ICE no deber\u00eda impedir que alguien ejerza su derecho a una audiencia justa. Muchas personas enfrentan este temor al asistir a sus citas migratorias.<\/p>\n<\/div><\/div>\n\n<div class=\"et_pb_module et_pb_button_module_wrapper et_pb_button_2_wrapper\"><a class=\"et_pb_button_2 et_pb_button et_pb_bg_layout_light et_animated et_pb_module et_block_module\" href=\"https:\/\/www.paypal.com\/donate\/?hosted_button_id=U8Z8HUBKQ7BL4\" target=\"_blank\">Donate<\/a><\/div>\n<\/div>\n\n<div class=\"et_pb_column_11 et_pb_column et_pb_column_1_3 et-last-child et_block_column et_pb_css_mix_blend_mode_passthrough\">\n<div class=\"et_pb_image_3 et_pb_image et_pb_module et_block_module\"><span class=\"et_pb_image_wrap\"><img loading=\"lazy\" decoding=\"async\" src=\"http:\/\/rescuesandvalues.org\/wp-content\/uploads\/2026\/02\/no-more.jpg\" title=\"no---more\" width=\"708\" height=\"487\" srcset=\"http:\/\/rescuesandvalues.org\/wp-content\/uploads\/2026\/02\/no-more.jpg 708w, http:\/\/rescuesandvalues.org\/wp-content\/uploads\/2026\/02\/no-more-480x330.jpg 480w\" sizes=\"(min-width: 0px) and (max-width: 480px) 480px, (min-width: 481px) 708px, 100vw\" class=\"wp-image-2878\" \/><\/span><\/div>\n\n<div class=\"et_pb_text_7 et_pb_text et_pb_bg_layout_light et_pb_module et_block_module\"><div class=\"et_pb_text_inner\"><h3>NO MORE: A Cry That Cannot Wait<\/h3>\n<p>Millones de personas han sido desplazadas forzosamente, cientos de miles han perdido la vida, y generaciones enteras han crecido en medio de la violencia, el hambre y la incertidumbre.<\/p>\n<\/div><\/div>\n\n<div class=\"et_pb_module et_pb_button_module_wrapper et_pb_button_3_wrapper\"><a class=\"et_pb_button_3 et_pb_button et_pb_bg_layout_light et_animated et_pb_module et_block_module\" href=\"https:\/\/www.paypal.com\/donate\/?hosted_button_id=U8Z8HUBKQ7BL4\" target=\"_blank\">Donate<\/a><\/div>\n<\/div>\n<\/div>\n<\/div>\n\n<div class=\"et_pb_section_3 et_pb_section et_section_regular et_flex_section\">\n<div class=\"et_pb_row_6 et_pb_row et_flex_row\">\n<div class=\"et_pb_column_12 et_pb_column et_flex_column et_pb_css_mix_blend_mode_passthrough et_flex_column_3_5 et_flex_column_3_5_tablet et_flex_column_24_24_phone\">\n<div class=\"et_pb_text_8 et_pb_text et_pb_bg_layout_dark et_pb_module et_flex_module\"><div class=\"et_pb_text_inner\"><h2>Patrocinadores de la Fundaci\u00f3n<\/h2>\n<\/div><\/div>\n<\/div>\n\n<div class=\"et_pb_column_13 et_pb_column et-last-child et_flex_column et_pb_css_mix_blend_mode_passthrough et_flex_column_2_5 et_flex_column_2_5_tablet et_flex_column_24_24_phone\">\n<div class=\"et_pb_module et_pb_button_module_wrapper et_pb_button_4_wrapper\"><a class=\"et_pb_button_4 et_pb_button et_pb_bg_layout_light et_pb_module et_flex_module\" href=\"\">Quiero ser patrocinador<\/a><\/div>\n<\/div>\n<\/div>\n\n<div class=\"et_pb_row_7 et_pb_row et_flex_row\">\n<div class=\"et_pb_column_14 et_pb_column et_flex_column et_pb_css_mix_blend_mode_passthrough et_flex_column_8_24 et_flex_column_8_24_tablet et_flex_column_24_24_phone\">\n<div class=\"et_pb_image_4 et_pb_image et_pb_module et_flex_module\"><span class=\"et_pb_image_wrap\"><img loading=\"lazy\" decoding=\"async\" src=\"https:\/\/rescuesandvalues.org\/wp-content\/uploads\/2026\/02\/logo-lovely.png\" title=\"logo-lovely\" width=\"600\" height=\"600\" srcset=\"https:\/\/rescuesandvalues.org\/wp-content\/uploads\/2026\/02\/logo-lovely.png 600w, https:\/\/rescuesandvalues.org\/wp-content\/uploads\/2026\/02\/logo-lovely-480x480.png 480w\" sizes=\"(min-width: 0px) and (max-width: 480px) 480px, (min-width: 481px) 600px, 100vw\" class=\"wp-image-2805\" \/><\/span><\/div>\n<\/div>\n\n<div class=\"et_pb_column_15 et_pb_column et_flex_column et_pb_column_empty et_pb_css_mix_blend_mode_passthrough et_flex_column_8_24 et_flex_column_8_24_tablet et_flex_column_24_24_phone\"><\/div>\n\n<div class=\"et_pb_column_16 et_pb_column et-last-child et_flex_column et_pb_css_mix_blend_mode_passthrough et_flex_column_8_24 et_flex_column_8_24_tablet et_flex_column_24_24_phone\">\n<div class=\"et_pb_image_5 et_pb_image et_pb_module et_flex_module\"><span class=\"et_pb_image_wrap\"><img loading=\"lazy\" decoding=\"async\" src=\"https:\/\/rescuesandvalues.org\/wp-content\/uploads\/2026\/02\/logo-rocha.png\" title=\"logo-rocha\" width=\"600\" height=\"600\" srcset=\"https:\/\/rescuesandvalues.org\/wp-content\/uploads\/2026\/02\/logo-rocha.png 600w, https:\/\/rescuesandvalues.org\/wp-content\/uploads\/2026\/02\/logo-rocha-480x480.png 480w\" sizes=\"(min-width: 0px) and (max-width: 480px) 480px, (min-width: 481px) 600px, 100vw\" class=\"wp-image-2806\" \/><\/span><\/div>\n<\/div>\n<\/div>\n<\/div>\n\n<div class=\"et_pb_section_4 et_pb_section et_section_regular et_block_section section_has_divider et_pb_top_divider\"><div class=\"et_pb_top_inside_divider et-no-transition\"><\/div>\n<div class=\"et_pb_row_8 et_pb_row et_block_row\">\n<div class=\"et_pb_column_17 et_pb_column et_pb_column_4_4 et-last-child et_block_column et_pb_css_mix_blend_mode_passthrough\">\n<div class=\"et_pb_text_9 et_pb_text et_pb_bg_layout_dark et_pb_module et_block_module\"><div class=\"et_pb_text_inner\"><h2>Tu oportunidad de actuar es ahora.<\/p>\n<\/h2>\n<p>No necesitamos grandes recursos para lograr grandes cambios, pero con tu apoyo podemos llegar m\u00e1s lejos y m\u00e1s r\u00e1pido. Cada contribuci\u00f3n nos permite mantener operativa nuestra red de ayuda, l\u00edneas legales y campa\u00f1as de difusi\u00f3n..<\/p>\n<\/div><\/div>\n<\/div>\n<\/div>\n\n<div class=\"et_pb_row_9 et_pb_row et_block_row\">\n<div class=\"et_pb_column_18 et_pb_column et_pb_column_1_3 et_block_column et_pb_css_mix_blend_mode_passthrough\">\n<div class=\"et_pb_blurb_2 et_pb_blurb et_pb_bg_layout_dark et_pb_text_align_center et_pb_blurb_position_left et_pb_module et_block_module\"><div class=\"et_pb_blurb_content\"><div class=\"et_pb_main_blurb_image\"><span class=\"et_pb_image_wrap\"><span class=\"et-pb-icon et-waypoint et_pb_animation_top et_pb_animation_top_tablet et_pb_animation_top_phone\">\uf0e0<\/span><\/span><\/div><div class=\"et_pb_blurb_container\"><h4 class=\"et_pb_module_header\">expose@rescuesandvalues.org info@rescuesandvalues.org<\/h4><\/div><\/div><\/div>\n<\/div>\n\n<div class=\"et_pb_column_19 et_pb_column et_pb_column_1_3 et_block_column et_pb_css_mix_blend_mode_passthrough\">\n<div class=\"et_pb_blurb_3 et_pb_blurb et_pb_bg_layout_dark et_pb_text_align_center et_pb_blurb_position_left et_pb_module et_block_module\"><div class=\"et_pb_blurb_content\"><div class=\"et_pb_main_blurb_image\"><span class=\"et_pb_image_wrap\"><span class=\"et-pb-icon et-waypoint et_pb_animation_top et_pb_animation_top_tablet et_pb_animation_top_phone\">\ue090<\/span><\/span><\/div><div class=\"et_pb_blurb_container\"><h4 class=\"et_pb_module_header\">Oficina\/WhatsApp: +1-689-686-3937<\/h4><\/div><\/div><\/div>\n<\/div>\n\n<div class=\"et_pb_column_20 et_pb_column et_pb_column_1_3 et-last-child et_block_column et_pb_css_mix_blend_mode_passthrough\">\n<div class=\"et_pb_module et_pb_button_module_wrapper et_pb_button_5_wrapper\"><a class=\"et_pb_button_5 et_pb_button et_pb_bg_layout_light et_pb_module et_block_module\" href=\"https:\/\/www.paypal.com\/donate\/?hosted_button_id=U8Z8HUBKQ7BL4\" target=\"_blank\">Realizar donaci\u00f3n<\/a><\/div>\n<\/div>\n<\/div>\n\n<div class=\"et_pb_row_10 et_pb_row et_flex_row et_animated\">\n<div class=\"et_pb_column_21 et_pb_column et-last-child et_flex_column et_pb_css_mix_blend_mode_passthrough et_flex_column_24_24 et_flex_column_24_24_tablet et_flex_column_24_24_phone\">\n<div class=\"et_pb_heading_2 et_pb_heading et_pb_module et_flex_module\"><div class=\"et_pb_heading_container\"><h1 class=\"et_pb_module_header\">Reg\u00edstrate y \u00fanete a nosotros<\/h1><\/div><\/div>\n\n<div class=\"et_pb_contact_form_0 et_pb_contact_form_container clearfix et_pb_module et_flex_module\" data-form_unique_num=\"0\" data-form_unique_id=\"11cebb56-6818-47ba-ab51-e6fc92df89de\" id=\"et_pb_contact_form_1\"><div class=\"et-pb-contact-message\"><\/div><div class=\"et_pb_contact\"><form class=\"et_pb_contact_form et_flex_module\" method=\"post\" action=\"https:\/\/rescuesandvalues.org\/es\/wp-json\/wp\/v2\/pages\/2951\" data-trp-original-action=\"https:\/\/rescuesandvalues.org\/es\/wp-json\/wp\/v2\/pages\/2951\">\n<div class=\"et_pb_contact_field_0 et_pb_contact_field et_pb_module et_flex_module et_flex_column_24_24 et_flex_column_24_24_tablet et_flex_column_24_24_phone\" data-id=\"name_2\" data-type=\"input\"><label class=\"et_pb_contact_form_label\" for=\"et_pb_contact_0_name_2_0\">Name<\/label><input type=\"text\" name=\"et_pb_contact_0_name_2_0\" id=\"et_pb_contact_0_name_2_0\" class=\"input\" data-required_mark=\"required\" data-field_type=\"input\" data-original_id=\"name_2\" placeholder=\"Name\" title=\"\" value=\"\" \/><\/div>\n\n<div class=\"et_pb_contact_field_1 et_pb_contact_field et_pb_module et_flex_module et_flex_column_24_24 et_flex_column_24_24_tablet et_flex_column_24_24_phone\" data-id=\"email_2\" data-type=\"email\"><label class=\"et_pb_contact_form_label\" for=\"et_pb_contact_0_email_2_1\">Email Address<\/label><input type=\"text\" name=\"et_pb_contact_0_email_2_1\" id=\"et_pb_contact_0_email_2_1\" class=\"input\" data-required_mark=\"required\" data-field_type=\"email\" data-original_id=\"email_2\" placeholder=\"Email Address\" title=\"\" value=\"\" \/><\/div>\n\n<div class=\"et_pb_contact_field_2 et_pb_contact_field et_pb_module et_flex_module et_flex_column_24_24 et_flex_column_24_24_tablet et_flex_column_24_24_phone\" data-id=\"message_2\" data-type=\"text\"><label class=\"et_pb_contact_form_label\" for=\"et_pb_contact_0_message_2_2\">Message<\/label><textarea name=\"et_pb_contact_0_message_2_2\" id=\"et_pb_contact_0_message_2_2\" class=\"et_pb_contact_message input\" data-required_mark=\"required\" data-field_type=\"text\" data-original_id=\"message_2\" placeholder=\"Message\"><\/textarea><\/div>\n<input type=\"hidden\" name=\"et_pb_contactform_submit_11cebb56-6818-47ba-ab51-e6fc92df89de\" value=\"et_contact_proccess\" \/><div class=\"et_contact_bottom_container\"><div class=\"et_pb_button_wrapper\"><button type=\"submit\" name=\"et_builder_submit_button\" class=\"et_pb_button et_pb_contact_submit\">Enviar<\/button><\/div><\/div><input type=\"hidden\" id=\"_wpnonce-et-pb-contact-form-submitted-11cebb56-6818-47ba-ab51-e6fc92df89de\" name=\"_wpnonce-et-pb-contact-form-submitted-11cebb56-6818-47ba-ab51-e6fc92df89de\" value=\"cadae92e79\" \/><input type=\"hidden\" name=\"_wp_http_referer\" value=\"\/es\/wp-json\/wp\/v2\/pages\/2951\" \/><input type=\"hidden\" name=\"trp-form-language\" value=\"es\"\/><\/form><\/div><\/div>\n<\/div>\n<\/div>\n\n<div class=\"et_pb_row_11 et_pb_row et_block_row\">\n<div class=\"et_pb_column_22 et_pb_column et_pb_column_4_4 et-last-child et_block_column et_pb_css_mix_blend_mode_passthrough\">\n<ul class=\"et_pb_social_media_follow_0 et_pb_social_media_follow clearfix et_pb_bg_layout_light et_pb_text_align_center et_pb_module et_block_module\">\n<li class=\"et_pb_social_media_follow_network_0 et_pb_social_media_follow_network et_pb_social_icon et_pb_social_network_link et-social-facebook et_pb_module et_flex_module\"><a href=\"#\" class=\"icon\" target=\"_self\" title=\"Follow on Facebook\" rel=\"noopener\"><span class=\"et_pb_social_media_follow_network_name\">Follow<\/span><\/a><\/li>\n\n<li class=\"et_pb_social_media_follow_network_1 et_pb_social_media_follow_network et_pb_social_icon et_pb_social_network_link et-social-twitter et_pb_module et_flex_module\"><a href=\"#\" class=\"icon\" target=\"_self\" title=\"Follow on Twitter\" rel=\"noopener\"><span class=\"et_pb_social_media_follow_network_name\">Follow<\/span><\/a><\/li>\n\n<li class=\"et_pb_social_media_follow_network_2 et_pb_social_media_follow_network et_pb_social_icon et_pb_social_network_link et-social-instagram et_pb_module et_flex_module\"><a href=\"#\" class=\"icon\" target=\"_self\" title=\"Follow on Instagram\" rel=\"noopener\"><span class=\"et_pb_social_media_follow_network_name\">Follow<\/span><\/a><\/li>\n<\/ul>\n<\/div>\n<\/div>\n<\/div>","protected":false},"excerpt":{"rendered":"","protected":false},"author":5,"featured_media":0,"parent":0,"menu_order":0,"comment_status":"closed","ping_status":"closed","template":"","meta":{"_monsterinsights_skip_tracking":false,"_monsterinsights_sitenote_active":false,"_monsterinsights_sitenote_note":"","_monsterinsights_sitenote_category":0,"footnotes":""},"class_list":["post-2951","page","type-page","status-publish","hentry"],"_links":{"self":[{"href":"https:\/\/rescuesandvalues.org\/es\/wp-json\/wp\/v2\/pages\/2951","targetHints":{"allow":["GET"]}}],"collection":[{"href":"https:\/\/rescuesandvalues.org\/es\/wp-json\/wp\/v2\/pages"}],"about":[{"href":"https:\/\/rescuesandvalues.org\/es\/wp-json\/wp\/v2\/types\/page"}],"author":[{"embeddable":true,"href":"https:\/\/rescuesandvalues.org\/es\/wp-json\/wp\/v2\/users\/5"}],"replies":[{"embeddable":true,"href":"https:\/\/rescuesandvalues.org\/es\/wp-json\/wp\/v2\/comments?post=2951"}],"version-history":[{"count":4,"href":"https:\/\/rescuesandvalues.org\/es\/wp-json\/wp\/v2\/pages\/2951\/revisions"}],"predecessor-version":[{"id":2957,"href":"https:\/\/rescuesandvalues.org\/es\/wp-json\/wp\/v2\/pages\/2951\/revisions\/2957"}],"wp:attachment":[{"href":"https:\/\/rescuesandvalues.org\/es\/wp-json\/wp\/v2\/media?parent=2951"}],"curies":[{"name":"wp","href":"https:\/\/api.w.org\/{rel}","templated":true}]}}